{"id":698,"date":"2021-03-01T22:16:03","date_gmt":"2021-03-01T21:16:03","guid":{"rendered":"https:\/\/www.geokon.hr\/new\/?page_id=698"},"modified":"2021-03-29T18:48:48","modified_gmt":"2021-03-29T16:48:48","slug":"izjava-o-privatnosti-i-sigurnosti","status":"publish","type":"page","link":"https:\/\/www.geokon.hr\/en\/izjava-o-privatnosti-i-sigurnosti\/","title":{"rendered":"Izjava o privatnosti i sigurnosti"},"content":{"rendered":"<div data-elementor-type=\"wp-page\" data-elementor-id=\"698\" class=\"elementor elementor-698\" data-elementor-post-type=\"page\">\n\t\t\t\t\t\t<section class=\"elementor-section elementor-top-section elementor-element elementor-element-1e025eb5 elementor-section-boxed elementor-section-height-default elementor-section-height-default\" data-id=\"1e025eb5\" data-element_type=\"section\" data-settings=\"{&quot;background_background&quot;:&quot;classic&quot;}\">\n\t\t\t\t\t\t\t<div class=\"elementor-background-overlay\"><\/div>\n\t\t\t\t\t\t\t<div class=\"elementor-container elementor-column-gap-default\">\n\t\t\t\t\t<div class=\"elementor-column elementor-col-100 elementor-top-column elementor-element elementor-element-12395b7e\" data-id=\"12395b7e\" data-element_type=\"column\" data-settings=\"{&quot;background_background&quot;:&quot;classic&quot;}\">\n\t\t\t<div class=\"elementor-widget-wrap elementor-element-populated\">\n\t\t\t\t\t\t<div class=\"elementor-element elementor-element-bfb80bf elementor-widget elementor-widget-heading\" data-id=\"bfb80bf\" data-element_type=\"widget\" data-widget_type=\"heading.default\">\n\t\t\t\t<div class=\"elementor-widget-container\">\n\t\t\t\t\t<h2 class=\"elementor-heading-title elementor-size-default\">Izjava o privatnosti i sigurnosti\n<\/h2>\t\t\t\t<\/div>\n\t\t\t\t<\/div>\n\t\t\t\t\t<\/div>\n\t\t<\/div>\n\t\t\t\t\t<\/div>\n\t\t<\/section>\n\t\t\t\t<section class=\"elementor-section elementor-top-section elementor-element elementor-element-41e1fc4 elementor-section-boxed elementor-section-height-default elementor-section-height-default\" data-id=\"41e1fc4\" data-element_type=\"section\">\n\t\t\t\t\t\t<div class=\"elementor-container elementor-column-gap-default\">\n\t\t\t\t\t<div class=\"elementor-column elementor-col-100 elementor-top-column elementor-element elementor-element-4fa72635\" data-id=\"4fa72635\" data-element_type=\"column\">\n\t\t\t<div class=\"elementor-widget-wrap elementor-element-populated\">\n\t\t\t\t\t\t<div class=\"elementor-element elementor-element-210ccdf elementor-widget elementor-widget-text-editor\" data-id=\"210ccdf\" data-element_type=\"widget\" data-widget_type=\"text-editor.default\">\n\t\t\t\t<div class=\"elementor-widget-container\">\n\t\t\t\t\t\t\t\t\t<p>Geokon-Zagreb d.d. se obvezuje da ne\u0107e zloupotrebljavati osobne podatke iz obrasca kontakta, niti ih proslje\u0111ivati tre\u0107im stranama i svojim poslovnim partnerima.<\/p><p>\u00a0<\/p><p>Osobnim podacima smatraju se svi podaci kojima se utvr\u0111uje identitet posjetitelja web stranice firme (ime i prezime, e-mail adresa).<br \/>Geokon-Zagreb d.d. ne\u0107e dostavljati niti razotkriti osobne podatke posjetitelja web stranice firme tre\u0107oj osobi, osim u slu\u010dajevima u kojima tako izri\u010dito propisuje zakon te u slu\u010dajevima kada je to potrebno za ispunjenje obveza. Svi podaci o posjetitelju web stranice firme se strogo \u010duvaju i dostupni su samo djelatnicima kojima su ti podaci nu\u017eni za obavljanje posla. Svi djelatnici tvrtke Geokon-Zagreb d.d. odgovorni su za po\u0161tivanje na\u010dela za\u0161tite privatnosti posjetitelja web stranice firme.<\/p><p>\u00a0<\/p><p>Podatke koji se pristupom na internet stranicu automatski bilje\u017ee, a nisu osobni podaci (vrste pretra\u017eiva\u010da, broj posjeta, vrijeme provedeno na stranicama i sl.) Geokon-Zagreb d.d. ima pravo koristiti isklju\u010divo radi ocjene posje\u0107enosti internet stranice i radi pobolj\u0161anja njenog sadr\u017eaja i funkcionalnosti.<\/p>\t\t\t\t\t\t\t\t<\/div>\n\t\t\t\t<\/div>\n\t\t\t\t\t<\/div>\n\t\t<\/div>\n\t\t\t\t\t<\/div>\n\t\t<\/section>\n\t\t\t\t<\/div>","protected":false},"excerpt":{"rendered":"<p>Izjava o privatnosti i sigurnosti Geokon-Zagreb d.d. se obvezuje da ne\u0107e zloupotrebljavati osobne podatke iz obrasca kontakta, niti ih proslje\u0111ivati tre\u0107im stranama i svojim poslovnim partnerima. Osobnim podacima smatraju se svi podaci kojima se utvr\u0111uje identitet posjetitelja web stranice firme (ime i prezime, e-mail adresa). Geokon-Zagreb d.d. ne\u0107e dostavljati niti razotkriti osobne podatke posjetitelja web&hellip; <a class=\"more-link\" href=\"https:\/\/www.geokon.hr\/en\/izjava-o-privatnosti-i-sigurnosti\/\">Continue reading <span class=\"screen-reader-text\">Izjava o privatnosti i sigurnosti<\/span><\/a><\/p>","protected":false},"author":1,"featured_media":0,"parent":0,"menu_order":0,"comment_status":"closed","ping_status":"closed","template":"elementor_header_footer","meta":{"footnotes":""},"class_list":["post-698","page","type-page","status-publish","hentry","entry"],"yoast_head":"<!-- This site is optimized with the Yoast SEO plugin v26.2 - https:\/\/yoast.com\/wordpress\/plugins\/seo\/ -->\n<title>Izjava o privatnosti i sigurnosti - Geokon<\/title>\n<meta name=\"robots\" content=\"index, nofollow, max-snippet:-1, max-image-preview:large, max-video-preview:-1\" \/>\n<link rel=\"canonical\" href=\"https:\/\/www.geokon.hr\/en\/izjava-o-privatnosti-i-sigurnosti\/\" \/>\n<meta property=\"og:locale\" content=\"en_GB\" \/>\n<meta property=\"og:type\" content=\"article\" \/>\n<meta property=\"og:title\" content=\"Izjava o privatnosti i sigurnosti - Geokon\" \/>\n<meta property=\"og:description\" content=\"Izjava o privatnosti i sigurnosti Geokon-Zagreb d.d. se obvezuje da ne\u0107e zloupotrebljavati osobne podatke iz obrasca kontakta, niti ih proslje\u0111ivati tre\u0107im stranama i svojim poslovnim partnerima. Osobnim podacima smatraju se svi podaci kojima se utvr\u0111uje identitet posjetitelja web stranice firme (ime i prezime, e-mail adresa). Geokon-Zagreb d.d. ne\u0107e dostavljati niti razotkriti osobne podatke posjetitelja web&hellip; Continue reading Izjava o privatnosti i sigurnosti\" \/>\n<meta property=\"og:url\" content=\"https:\/\/www.geokon.hr\/en\/izjava-o-privatnosti-i-sigurnosti\/\" \/>\n<meta property=\"og:site_name\" content=\"Geokon\" \/>\n<meta property=\"article:modified_time\" content=\"2021-03-29T16:48:48+00:00\" \/>\n<meta name=\"twitter:card\" content=\"summary_large_image\" \/>\n<meta name=\"twitter:label1\" content=\"Estimated reading time\" \/>\n\t<meta name=\"twitter:data1\" content=\"1 minute\" \/>\n<script type=\"application\/ld+json\" class=\"yoast-schema-graph\">{\"@context\":\"https:\/\/schema.org\",\"@graph\":[{\"@type\":\"WebPage\",\"@id\":\"https:\/\/www.geokon.hr\/izjava-o-privatnosti-i-sigurnosti\/\",\"url\":\"https:\/\/www.geokon.hr\/izjava-o-privatnosti-i-sigurnosti\/\",\"name\":\"Izjava o privatnosti i sigurnosti - Geokon\",\"isPartOf\":{\"@id\":\"https:\/\/www.geokon.hr\/#website\"},\"datePublished\":\"2021-03-01T21:16:03+00:00\",\"dateModified\":\"2021-03-29T16:48:48+00:00\",\"breadcrumb\":{\"@id\":\"https:\/\/www.geokon.hr\/izjava-o-privatnosti-i-sigurnosti\/#breadcrumb\"},\"inLanguage\":\"en-GB\",\"potentialAction\":[{\"@type\":\"ReadAction\",\"target\":[\"https:\/\/www.geokon.hr\/izjava-o-privatnosti-i-sigurnosti\/\"]}]},{\"@type\":\"BreadcrumbList\",\"@id\":\"https:\/\/www.geokon.hr\/izjava-o-privatnosti-i-sigurnosti\/#breadcrumb\",\"itemListElement\":[{\"@type\":\"ListItem\",\"position\":1,\"name\":\"Po\u010detna stranica\",\"item\":\"https:\/\/www.geokon.hr\/\"},{\"@type\":\"ListItem\",\"position\":2,\"name\":\"Izjava o privatnosti i sigurnosti\"}]},{\"@type\":\"WebSite\",\"@id\":\"https:\/\/www.geokon.hr\/#website\",\"url\":\"https:\/\/www.geokon.hr\/\",\"name\":\"Geokon\",\"description\":\"\",\"publisher\":{\"@id\":\"https:\/\/www.geokon.hr\/#organization\"},\"potentialAction\":[{\"@type\":\"SearchAction\",\"target\":{\"@type\":\"EntryPoint\",\"urlTemplate\":\"https:\/\/www.geokon.hr\/?s={search_term_string}\"},\"query-input\":{\"@type\":\"PropertyValueSpecification\",\"valueRequired\":true,\"valueName\":\"search_term_string\"}}],\"inLanguage\":\"en-GB\"},{\"@type\":\"Organization\",\"@id\":\"https:\/\/www.geokon.hr\/#organization\",\"name\":\"Geokon\",\"url\":\"https:\/\/www.geokon.hr\/\",\"logo\":{\"@type\":\"ImageObject\",\"inLanguage\":\"en-GB\",\"@id\":\"https:\/\/www.geokon.hr\/#\/schema\/logo\/image\/\",\"url\":\"https:\/\/www.geokon.hr\/wp-content\/uploads\/2021\/02\/cropped-slika-za-reference-koje-nemaju-sliku.png\",\"contentUrl\":\"https:\/\/www.geokon.hr\/wp-content\/uploads\/2021\/02\/cropped-slika-za-reference-koje-nemaju-sliku.png\",\"width\":535,\"height\":129,\"caption\":\"Geokon\"},\"image\":{\"@id\":\"https:\/\/www.geokon.hr\/#\/schema\/logo\/image\/\"}}]}<\/script>\n<!-- \/ Yoast SEO plugin. -->","yoast_head_json":{"title":"Izjava o privatnosti i sigurnosti - Geokon","robots":{"index":"index","follow":"nofollow","max-snippet":"max-snippet:-1","max-image-preview":"max-image-preview:large","max-video-preview":"max-video-preview:-1"},"canonical":"https:\/\/www.geokon.hr\/en\/izjava-o-privatnosti-i-sigurnosti\/","og_locale":"en_GB","og_type":"article","og_title":"Izjava o privatnosti i sigurnosti - Geokon","og_description":"Izjava o privatnosti i sigurnosti Geokon-Zagreb d.d. se obvezuje da ne\u0107e zloupotrebljavati osobne podatke iz obrasca kontakta, niti ih proslje\u0111ivati tre\u0107im stranama i svojim poslovnim partnerima. Osobnim podacima smatraju se svi podaci kojima se utvr\u0111uje identitet posjetitelja web stranice firme (ime i prezime, e-mail adresa). Geokon-Zagreb d.d. ne\u0107e dostavljati niti razotkriti osobne podatke posjetitelja web&hellip; Continue reading Izjava o privatnosti i sigurnosti","og_url":"https:\/\/www.geokon.hr\/en\/izjava-o-privatnosti-i-sigurnosti\/","og_site_name":"Geokon","article_modified_time":"2021-03-29T16:48:48+00:00","twitter_card":"summary_large_image","twitter_misc":{"Estimated reading time":"1 minute"},"schema":{"@context":"https:\/\/schema.org","@graph":[{"@type":"WebPage","@id":"https:\/\/www.geokon.hr\/izjava-o-privatnosti-i-sigurnosti\/","url":"https:\/\/www.geokon.hr\/izjava-o-privatnosti-i-sigurnosti\/","name":"Izjava o privatnosti i sigurnosti - Geokon","isPartOf":{"@id":"https:\/\/www.geokon.hr\/#website"},"datePublished":"2021-03-01T21:16:03+00:00","dateModified":"2021-03-29T16:48:48+00:00","breadcrumb":{"@id":"https:\/\/www.geokon.hr\/izjava-o-privatnosti-i-sigurnosti\/#breadcrumb"},"inLanguage":"en-GB","potentialAction":[{"@type":"ReadAction","target":["https:\/\/www.geokon.hr\/izjava-o-privatnosti-i-sigurnosti\/"]}]},{"@type":"BreadcrumbList","@id":"https:\/\/www.geokon.hr\/izjava-o-privatnosti-i-sigurnosti\/#breadcrumb","itemListElement":[{"@type":"ListItem","position":1,"name":"Po\u010detna stranica","item":"https:\/\/www.geokon.hr\/"},{"@type":"ListItem","position":2,"name":"Izjava o privatnosti i sigurnosti"}]},{"@type":"WebSite","@id":"https:\/\/www.geokon.hr\/#website","url":"https:\/\/www.geokon.hr\/","name":"Geokon","description":"","publisher":{"@id":"https:\/\/www.geokon.hr\/#organization"},"potentialAction":[{"@type":"SearchAction","target":{"@type":"EntryPoint","urlTemplate":"https:\/\/www.geokon.hr\/?s={search_term_string}"},"query-input":{"@type":"PropertyValueSpecification","valueRequired":true,"valueName":"search_term_string"}}],"inLanguage":"en-GB"},{"@type":"Organization","@id":"https:\/\/www.geokon.hr\/#organization","name":"Geokon","url":"https:\/\/www.geokon.hr\/","logo":{"@type":"ImageObject","inLanguage":"en-GB","@id":"https:\/\/www.geokon.hr\/#\/schema\/logo\/image\/","url":"https:\/\/www.geokon.hr\/wp-content\/uploads\/2021\/02\/cropped-slika-za-reference-koje-nemaju-sliku.png","contentUrl":"https:\/\/www.geokon.hr\/wp-content\/uploads\/2021\/02\/cropped-slika-za-reference-koje-nemaju-sliku.png","width":535,"height":129,"caption":"Geokon"},"image":{"@id":"https:\/\/www.geokon.hr\/#\/schema\/logo\/image\/"}}]}},"_links":{"self":[{"href":"https:\/\/www.geokon.hr\/en\/wp-json\/wp\/v2\/pages\/698","targetHints":{"allow":["GET"]}}],"collection":[{"href":"https:\/\/www.geokon.hr\/en\/wp-json\/wp\/v2\/pages"}],"about":[{"href":"https:\/\/www.geokon.hr\/en\/wp-json\/wp\/v2\/types\/page"}],"author":[{"embeddable":true,"href":"https:\/\/www.geokon.hr\/en\/wp-json\/wp\/v2\/users\/1"}],"replies":[{"embeddable":true,"href":"https:\/\/www.geokon.hr\/en\/wp-json\/wp\/v2\/comments?post=698"}],"version-history":[{"count":0,"href":"https:\/\/www.geokon.hr\/en\/wp-json\/wp\/v2\/pages\/698\/revisions"}],"wp:attachment":[{"href":"https:\/\/www.geokon.hr\/en\/wp-json\/wp\/v2\/media?parent=698"}],"curies":[{"name":"wp","href":"https:\/\/api.w.org\/{rel}","templated":true}]}}