{"id":554,"date":"2021-02-22T15:16:24","date_gmt":"2021-02-22T14:16:24","guid":{"rendered":"https:\/\/www.geokon.hr\/new\/?page_id=554"},"modified":"2021-03-31T22:23:19","modified_gmt":"2021-03-31T20:23:19","slug":"projektiranje","status":"publish","type":"page","link":"https:\/\/www.geokon.hr\/en\/projektiranje\/","title":{"rendered":"Design"},"content":{"rendered":"<div data-elementor-type=\"wp-page\" data-elementor-id=\"554\" class=\"elementor elementor-554\" data-elementor-post-type=\"page\">\n\t\t\t\t\t\t<section class=\"elementor-section elementor-top-section elementor-element elementor-element-22cc02c4 elementor-section-boxed elementor-section-height-default elementor-section-height-default\" data-id=\"22cc02c4\" data-element_type=\"section\" data-settings=\"{&quot;background_background&quot;:&quot;classic&quot;}\">\n\t\t\t\t\t\t\t<div class=\"elementor-background-overlay\"><\/div>\n\t\t\t\t\t\t\t<div class=\"elementor-container elementor-column-gap-default\">\n\t\t\t\t\t<div class=\"elementor-column elementor-col-100 elementor-top-column elementor-element elementor-element-3cd3ee1c\" data-id=\"3cd3ee1c\" data-element_type=\"column\" data-settings=\"{&quot;background_background&quot;:&quot;classic&quot;}\">\n\t\t\t<div class=\"elementor-widget-wrap elementor-element-populated\">\n\t\t\t\t\t\t<section class=\"elementor-section elementor-inner-section elementor-element elementor-element-126e3b06 elementor-section-boxed elementor-section-height-default elementor-section-height-default\" data-id=\"126e3b06\" data-element_type=\"section\">\n\t\t\t\t\t\t<div class=\"elementor-container elementor-column-gap-default\">\n\t\t\t\t\t<div class=\"elementor-column elementor-col-50 elementor-inner-column elementor-element elementor-element-21db9ca1\" data-id=\"21db9ca1\" data-element_type=\"column\">\n\t\t\t<div class=\"elementor-widget-wrap elementor-element-populated\">\n\t\t\t\t\t\t<div class=\"elementor-element elementor-element-49eb11aa elementor-invisible elementor-widget elementor-widget-heading\" data-id=\"49eb11aa\" data-element_type=\"widget\" data-settings=\"{&quot;_animation&quot;:&quot;fadeInDown&quot;,&quot;_animation_delay&quot;:500}\" data-widget_type=\"heading.default\">\n\t\t\t\t<div class=\"elementor-widget-container\">\n\t\t\t\t\t<h1 class=\"elementor-heading-title elementor-size-default\">Design<\/h1>\t\t\t\t<\/div>\n\t\t\t\t<\/div>\n\t\t\t\t<div class=\"elementor-element elementor-element-5c5735d7 elementor-invisible elementor-widget elementor-widget-text-editor\" data-id=\"5c5735d7\" data-element_type=\"widget\" data-settings=\"{&quot;_animation&quot;:&quot;fadeInDown&quot;,&quot;_animation_delay&quot;:900}\" data-widget_type=\"text-editor.default\">\n\t\t\t\t<div class=\"elementor-widget-container\">\n\t\t\t\t\t\t\t\t\t<p>Design and consultancy services in the field of geotechnics and hydraulic engineering, industry, transport infrastructure and environmental protection are among the core activities of Geokon-Zagreb<\/p>\t\t\t\t\t\t\t\t<\/div>\n\t\t\t\t<\/div>\n\t\t\t\t\t<\/div>\n\t\t<\/div>\n\t\t\t\t<div class=\"elementor-column elementor-col-50 elementor-inner-column elementor-element elementor-element-634941a\" data-id=\"634941a\" data-element_type=\"column\">\n\t\t\t<div class=\"elementor-widget-wrap\">\n\t\t\t\t\t\t\t<\/div>\n\t\t<\/div>\n\t\t\t\t\t<\/div>\n\t\t<\/section>\n\t\t\t\t\t<\/div>\n\t\t<\/div>\n\t\t\t\t\t<\/div>\n\t\t<\/section>\n\t\t\t\t<section class=\"elementor-section elementor-top-section elementor-element elementor-element-66c5ed55 elementor-section-boxed elementor-section-height-default elementor-section-height-default\" data-id=\"66c5ed55\" data-element_type=\"section\" data-settings=\"{&quot;background_background&quot;:&quot;classic&quot;}\">\n\t\t\t\t\t\t<div class=\"elementor-container elementor-column-gap-default\">\n\t\t\t\t\t<div class=\"elementor-column elementor-col-50 elementor-top-column elementor-element elementor-element-156908f4\" data-id=\"156908f4\" data-element_type=\"column\" data-settings=\"{&quot;background_background&quot;:&quot;classic&quot;,&quot;animation&quot;:&quot;none&quot;}\">\n\t\t\t<div class=\"elementor-widget-wrap elementor-element-populated\">\n\t\t\t\t\t\t<section class=\"elementor-section elementor-inner-section elementor-element elementor-element-756b4c3c elementor-section-boxed elementor-section-height-default elementor-section-height-default\" data-id=\"756b4c3c\" data-element_type=\"section\">\n\t\t\t\t\t\t<div class=\"elementor-container elementor-column-gap-default\">\n\t\t\t\t\t<div class=\"elementor-column elementor-col-100 elementor-inner-column elementor-element elementor-element-1ad193da\" data-id=\"1ad193da\" data-element_type=\"column\">\n\t\t\t<div class=\"elementor-widget-wrap elementor-element-populated\">\n\t\t\t\t\t\t<div class=\"elementor-element elementor-element-151c959 elementor-widget elementor-widget-text-editor\" data-id=\"151c959\" data-element_type=\"widget\" data-widget_type=\"text-editor.default\">\n\t\t\t\t<div class=\"elementor-widget-container\">\n\t\t\t\t\t\t\t\t\t<p>A team of highly experienced experts develops comprehensive design documentation at all levels (studies, feasibility studies, conceptual, basic and detailed designs, tender documents, design supervision) for the following structures and projects:<\/p>\t\t\t\t\t\t\t\t<\/div>\n\t\t\t\t<\/div>\n\t\t\t\t<div class=\"elementor-element elementor-element-ab1eadb elementor-widget elementor-widget-accordion\" data-id=\"ab1eadb\" data-element_type=\"widget\" data-widget_type=\"accordion.default\">\n\t\t\t\t<div class=\"elementor-widget-container\">\n\t\t\t\t\t\t\t<div class=\"elementor-accordion\">\n\t\t\t\t\t\t\t<div class=\"elementor-accordion-item\">\n\t\t\t\t\t<div id=\"elementor-tab-title-1791\" class=\"elementor-tab-title\" data-tab=\"1\" role=\"button\" aria-controls=\"elementor-tab-content-1791\" aria-expanded=\"false\">\n\t\t\t\t\t\t\t\t\t\t\t\t\t<span class=\"elementor-accordion-icon elementor-accordion-icon-left\" aria-hidden=\"true\">\n\t\t\t\t\t\t\t\t\t\t\t\t\t\t\t<span class=\"elementor-accordion-icon-closed\"><i class=\"fas fa-caret-down\"><\/i><\/span>\n\t\t\t\t\t\t\t\t<span class=\"elementor-accordion-icon-opened\"><i class=\"fas fa-caret-up\"><\/i><\/span>\n\t\t\t\t\t\t\t\t\t\t\t\t\t\t<\/span>\n\t\t\t\t\t\t\t\t\t\t\t\t<a class=\"elementor-accordion-title\" tabindex=\"0\">Structures and projects<\/a>\n\t\t\t\t\t<\/div>\n\t\t\t\t\t<div id=\"elementor-tab-content-1791\" class=\"elementor-tab-content elementor-clearfix\" data-tab=\"1\" role=\"region\" aria-labelledby=\"elementor-tab-title-1791\">\n \t<li>reservoir and retention basin earth dams<\/li>\n \t<li>all types of embankments, platforms, breakwaters, etc.<\/li>\n \t<li>industrial, power generation and infrastructure facilities<\/li>\n \t<li>hydraulic structures<\/li>\n \t<li>construction pit protection and foundation geotechnical designs<\/li>\n \t<li>foundation soil improvement by material substitution<\/li>\n \t<li>remediation of land slides, protection of slopes and deep cuts in geotechnical structures<\/li>\n \t<li>drainage systems<\/li>\n \t<li>canals and deep cuts<\/li>\n \t<li>open pits and waste landfills<\/li>\n \t<li>special structures (border crossings, halls, RC porches, ski resorts, etc.)<\/li>\n \t<li>geotechnical designs for roads and railways<\/li>\n \t<li>preparation of environmental improvement programs<\/li>\n \t<li>revisions of geotechnical design documentation<\/li>\n<\/ul><\/div>\n\t\t\t\t<\/div>\n\t\t\t\t\t\t\t\t<\/div>\n\t\t\t\t\t\t<\/div>\n\t\t\t\t<\/div>\n\t\t\t\t\t<\/div>\n\t\t<\/div>\n\t\t\t\t\t<\/div>\n\t\t<\/section>\n\t\t\t\t<section class=\"elementor-section elementor-inner-section elementor-element elementor-element-a3ac1d5 elementor-section-boxed elementor-section-height-default elementor-section-height-default\" data-id=\"a3ac1d5\" data-element_type=\"section\">\n\t\t\t\t\t\t<div class=\"elementor-container elementor-column-gap-default\">\n\t\t\t\t\t<div class=\"elementor-column elementor-col-50 elementor-inner-column elementor-element elementor-element-3e3342c\" data-id=\"3e3342c\" data-element_type=\"column\">\n\t\t\t<div class=\"elementor-widget-wrap elementor-element-populated\">\n\t\t\t\t\t\t<div class=\"elementor-element elementor-element-65f755b elementor-align-center elementor-mobile-align-left elementor-widget elementor-widget-button\" data-id=\"65f755b\" data-element_type=\"widget\" data-widget_type=\"button.default\">\n\t\t\t\t<div class=\"elementor-widget-container\">\n\t\t\t\t\t\t\t\t\t<div class=\"elementor-button-wrapper\">\n\t\t\t\t\t<a class=\"elementor-button elementor-button-link elementor-size-sm\" href=\"https:\/\/www.geokon.hr\/en\/kategorija\/projektiranje\/\">\n\t\t\t\t\t\t<span class=\"elementor-button-content-wrapper\">\n\t\t\t\t\t\t\t\t\t<span class=\"elementor-button-text\">References<\/span>\n\t\t\t\t\t<\/span>\n\t\t\t\t\t<\/a>\n\t\t\t\t<\/div>\n\t\t\t\t\t\t\t\t<\/div>\n\t\t\t\t<\/div>\n\t\t\t\t\t<\/div>\n\t\t<\/div>\n\t\t\t\t<div class=\"elementor-column elementor-col-50 elementor-inner-column elementor-element elementor-element-8e45a82\" data-id=\"8e45a82\" data-element_type=\"column\">\n\t\t\t<div class=\"elementor-widget-wrap elementor-element-populated\">\n\t\t\t\t\t\t<div class=\"elementor-element elementor-element-6d31cbf elementor-align-left elementor-mobile-align-right elementor-widget elementor-widget-button\" data-id=\"6d31cbf\" data-element_type=\"widget\" data-widget_type=\"button.default\">\n\t\t\t\t<div class=\"elementor-widget-container\">\n\t\t\t\t\t\t\t\t\t<div class=\"elementor-button-wrapper\">\n\t\t\t\t\t<a class=\"elementor-button elementor-button-link elementor-size-sm\" href=\"https:\/\/www.geokon.hr\/en\/nas-tim\/\">\n\t\t\t\t\t\t<span class=\"elementor-button-content-wrapper\">\n\t\t\t\t\t\t\t\t\t<span class=\"elementor-button-text\">Our team<\/span>\n\t\t\t\t\t<\/span>\n\t\t\t\t\t<\/a>\n\t\t\t\t<\/div>\n\t\t\t\t\t\t\t\t<\/div>\n\t\t\t\t<\/div>\n\t\t\t\t\t<\/div>\n\t\t<\/div>\n\t\t\t\t\t<\/div>\n\t\t<\/section>\n\t\t\t\t\t<\/div>\n\t\t<\/div>\n\t\t\t\t<div class=\"elementor-column elementor-col-50 elementor-top-column elementor-element elementor-element-58a38ff1\" data-id=\"58a38ff1\" data-element_type=\"column\">\n\t\t\t<div class=\"elementor-widget-wrap elementor-element-populated\">\n\t\t\t\t\t\t<div class=\"elementor-element elementor-element-2a273e0 elementor-invisible elementor-widget elementor-widget-image\" data-id=\"2a273e0\" data-element_type=\"widget\" data-settings=\"{&quot;_animation&quot;:&quot;fadeInRight&quot;,&quot;_animation_mobile&quot;:&quot;none&quot;}\" data-widget_type=\"image.default\">\n\t\t\t\t<div class=\"elementor-widget-container\">\n\t\t\t\t\t\t\t\t\t\t\t\t\t\t\t<img fetchpriority=\"high\" decoding=\"async\" width=\"750\" height=\"500\" src=\"https:\/\/www.geokon.hr\/wp-content\/uploads\/2021\/02\/projektiranje-geokon-1024x682.jpg\" class=\"attachment-large size-large wp-image-562\" alt=\"\" srcset=\"https:\/\/www.geokon.hr\/wp-content\/uploads\/2021\/02\/projektiranje-geokon-1024x682.jpg 1024w, https:\/\/www.geokon.hr\/wp-content\/uploads\/2021\/02\/projektiranje-geokon-300x200.jpg 300w, https:\/\/www.geokon.hr\/wp-content\/uploads\/2021\/02\/projektiranje-geokon-768x512.jpg 768w, https:\/\/www.geokon.hr\/wp-content\/uploads\/2021\/02\/projektiranje-geokon.jpg 1280w\" sizes=\"(max-width: 750px) 100vw, 750px\" style=\"width:100%;height:66.64%;max-width:1280px\" \/>\t\t\t\t\t\t\t\t\t\t\t\t\t\t\t<\/div>\n\t\t\t\t<\/div>\n\t\t\t\t\t<\/div>\n\t\t<\/div>\n\t\t\t\t\t<\/div>\n\t\t<\/section>\n\t\t\t\t<\/div>","protected":false},"excerpt":{"rendered":"<p>Projektiranje Projektiranje i konzalting na podru\u010dju geotehnike, hidrotehnike, prometa, industrije te za\u0161tite okoli\u0161a i prirode jedna je od temeljnih djelatnosti tvrtke Geokon-Zagreb d.d. Tim stru\u010dnjaka s dugogodi\u0161njim iskustvom izra\u0111uje cjelovitu projektnu dokumentaciju svih razina (studije, idejni, glavni i izvedbeni projekti, tender dokumentacija, projektantski nadzor) za slijede\u0107e gra\u0111evine i zahvate: Gra\u0111evine i zahvati nasute brane akumulacija&hellip; <a class=\"more-link\" href=\"https:\/\/www.geokon.hr\/en\/projektiranje\/\">Continue reading <span class=\"screen-reader-text\">Design<\/span><\/a><\/p>","protected":false},"author":1,"featured_media":0,"parent":0,"menu_order":0,"comment_status":"closed","ping_status":"closed","template":"elementor_header_footer","meta":{"footnotes":""},"class_list":["post-554","page","type-page","status-publish","hentry","entry"],"yoast_head":"<!-- This site is optimized with the Yoast SEO plugin v26.2 - https:\/\/yoast.com\/wordpress\/plugins\/seo\/ -->\n<title>Projektiranje - Geokon<\/title>\n<meta name=\"description\" content=\"Projektiranje i konzalting na podru\u010dju geotehnike, hidrotehnike, prometa, industrije te za\u0161tite okoli\u0161a i prirode jedna je od temeljnih djelatnosti tvrtke Geokon-Zagreb d.d.\" \/>\n<meta name=\"robots\" content=\"index, follow, max-snippet:-1, max-image-preview:large, max-video-preview:-1\" \/>\n<link rel=\"canonical\" href=\"https:\/\/www.geokon.hr\/en\/projektiranje\/\" \/>\n<meta property=\"og:locale\" content=\"en_GB\" \/>\n<meta property=\"og:type\" content=\"article\" \/>\n<meta property=\"og:title\" content=\"Projektiranje - Geokon\" \/>\n<meta property=\"og:description\" content=\"Projektiranje i konzalting na podru\u010dju geotehnike, hidrotehnike, prometa, industrije te za\u0161tite okoli\u0161a i prirode jedna je od temeljnih djelatnosti tvrtke Geokon-Zagreb d.d.\" \/>\n<meta property=\"og:url\" content=\"https:\/\/www.geokon.hr\/en\/projektiranje\/\" \/>\n<meta property=\"og:site_name\" content=\"Geokon\" \/>\n<meta property=\"article:modified_time\" content=\"2021-03-31T20:23:19+00:00\" \/>\n<meta property=\"og:image\" content=\"https:\/\/www.geokon.hr\/wp-content\/uploads\/2021\/02\/projektiranje-geokon-1024x682.jpg\" \/>\n<meta name=\"twitter:card\" content=\"summary_large_image\" \/>\n<meta name=\"twitter:label1\" content=\"Estimated reading time\" \/>\n\t<meta name=\"twitter:data1\" content=\"1 minute\" \/>\n<script type=\"application\/ld+json\" class=\"yoast-schema-graph\">{\"@context\":\"https:\/\/schema.org\",\"@graph\":[{\"@type\":\"WebPage\",\"@id\":\"https:\/\/www.geokon.hr\/projektiranje\/\",\"url\":\"https:\/\/www.geokon.hr\/projektiranje\/\",\"name\":\"Projektiranje - Geokon\",\"isPartOf\":{\"@id\":\"https:\/\/www.geokon.hr\/#website\"},\"primaryImageOfPage\":{\"@id\":\"https:\/\/www.geokon.hr\/projektiranje\/#primaryimage\"},\"image\":{\"@id\":\"https:\/\/www.geokon.hr\/projektiranje\/#primaryimage\"},\"thumbnailUrl\":\"https:\/\/www.geokon.hr\/wp-content\/uploads\/2021\/02\/projektiranje-geokon-1024x682.jpg\",\"datePublished\":\"2021-02-22T14:16:24+00:00\",\"dateModified\":\"2021-03-31T20:23:19+00:00\",\"description\":\"Projektiranje i konzalting na podru\u010dju geotehnike, hidrotehnike, prometa, industrije te za\u0161tite okoli\u0161a i prirode jedna je od temeljnih djelatnosti tvrtke Geokon-Zagreb d.d.\",\"breadcrumb\":{\"@id\":\"https:\/\/www.geokon.hr\/projektiranje\/#breadcrumb\"},\"inLanguage\":\"en-GB\",\"potentialAction\":[{\"@type\":\"ReadAction\",\"target\":[\"https:\/\/www.geokon.hr\/projektiranje\/\"]}]},{\"@type\":\"ImageObject\",\"inLanguage\":\"en-GB\",\"@id\":\"https:\/\/www.geokon.hr\/projektiranje\/#primaryimage\",\"url\":\"https:\/\/www.geokon.hr\/wp-content\/uploads\/2021\/02\/projektiranje-geokon-1024x682.jpg\",\"contentUrl\":\"https:\/\/www.geokon.hr\/wp-content\/uploads\/2021\/02\/projektiranje-geokon-1024x682.jpg\"},{\"@type\":\"BreadcrumbList\",\"@id\":\"https:\/\/www.geokon.hr\/projektiranje\/#breadcrumb\",\"itemListElement\":[{\"@type\":\"ListItem\",\"position\":1,\"name\":\"Po\u010detna stranica\",\"item\":\"https:\/\/www.geokon.hr\/\"},{\"@type\":\"ListItem\",\"position\":2,\"name\":\"Projektiranje\"}]},{\"@type\":\"WebSite\",\"@id\":\"https:\/\/www.geokon.hr\/#website\",\"url\":\"https:\/\/www.geokon.hr\/\",\"name\":\"Geokon\",\"description\":\"\",\"publisher\":{\"@id\":\"https:\/\/www.geokon.hr\/#organization\"},\"potentialAction\":[{\"@type\":\"SearchAction\",\"target\":{\"@type\":\"EntryPoint\",\"urlTemplate\":\"https:\/\/www.geokon.hr\/?s={search_term_string}\"},\"query-input\":{\"@type\":\"PropertyValueSpecification\",\"valueRequired\":true,\"valueName\":\"search_term_string\"}}],\"inLanguage\":\"en-GB\"},{\"@type\":\"Organization\",\"@id\":\"https:\/\/www.geokon.hr\/#organization\",\"name\":\"Geokon\",\"url\":\"https:\/\/www.geokon.hr\/\",\"logo\":{\"@type\":\"ImageObject\",\"inLanguage\":\"en-GB\",\"@id\":\"https:\/\/www.geokon.hr\/#\/schema\/logo\/image\/\",\"url\":\"https:\/\/www.geokon.hr\/wp-content\/uploads\/2021\/02\/cropped-slika-za-reference-koje-nemaju-sliku.png\",\"contentUrl\":\"https:\/\/www.geokon.hr\/wp-content\/uploads\/2021\/02\/cropped-slika-za-reference-koje-nemaju-sliku.png\",\"width\":535,\"height\":129,\"caption\":\"Geokon\"},\"image\":{\"@id\":\"https:\/\/www.geokon.hr\/#\/schema\/logo\/image\/\"}}]}<\/script>\n<!-- \/ Yoast SEO plugin. -->","yoast_head_json":{"title":"Projektiranje - Geokon","description":"Design and consultancy services in the field of geotechnics and hydraulic engineering, industry, transport infrastructure and environmental protection are among the core activities of Geokon-Zagreb","robots":{"index":"index","follow":"follow","max-snippet":"max-snippet:-1","max-image-preview":"max-image-preview:large","max-video-preview":"max-video-preview:-1"},"canonical":"https:\/\/www.geokon.hr\/en\/projektiranje\/","og_locale":"en_GB","og_type":"article","og_title":"Projektiranje - Geokon","og_description":"Projektiranje i konzalting na podru\u010dju geotehnike, hidrotehnike, prometa, industrije te za\u0161tite okoli\u0161a i prirode jedna je od temeljnih djelatnosti tvrtke Geokon-Zagreb d.d.","og_url":"https:\/\/www.geokon.hr\/en\/projektiranje\/","og_site_name":"Geokon","article_modified_time":"2021-03-31T20:23:19+00:00","og_image":[{"url":"https:\/\/www.geokon.hr\/wp-content\/uploads\/2021\/02\/projektiranje-geokon-1024x682.jpg","type":"","width":"","height":""}],"twitter_card":"summary_large_image","twitter_misc":{"Estimated reading time":"1 minute"},"schema":{"@context":"https:\/\/schema.org","@graph":[{"@type":"WebPage","@id":"https:\/\/www.geokon.hr\/projektiranje\/","url":"https:\/\/www.geokon.hr\/projektiranje\/","name":"Projektiranje - Geokon","isPartOf":{"@id":"https:\/\/www.geokon.hr\/#website"},"primaryImageOfPage":{"@id":"https:\/\/www.geokon.hr\/projektiranje\/#primaryimage"},"image":{"@id":"https:\/\/www.geokon.hr\/projektiranje\/#primaryimage"},"thumbnailUrl":"https:\/\/www.geokon.hr\/wp-content\/uploads\/2021\/02\/projektiranje-geokon-1024x682.jpg","datePublished":"2021-02-22T14:16:24+00:00","dateModified":"2021-03-31T20:23:19+00:00","description":"Design and consultancy services in the field of geotechnics and hydraulic engineering, industry, transport infrastructure and environmental protection are among the core activities of Geokon-Zagreb","breadcrumb":{"@id":"https:\/\/www.geokon.hr\/projektiranje\/#breadcrumb"},"inLanguage":"en-GB","potentialAction":[{"@type":"ReadAction","target":["https:\/\/www.geokon.hr\/projektiranje\/"]}]},{"@type":"ImageObject","inLanguage":"en-GB","@id":"https:\/\/www.geokon.hr\/projektiranje\/#primaryimage","url":"https:\/\/www.geokon.hr\/wp-content\/uploads\/2021\/02\/projektiranje-geokon-1024x682.jpg","contentUrl":"https:\/\/www.geokon.hr\/wp-content\/uploads\/2021\/02\/projektiranje-geokon-1024x682.jpg"},{"@type":"BreadcrumbList","@id":"https:\/\/www.geokon.hr\/projektiranje\/#breadcrumb","itemListElement":[{"@type":"ListItem","position":1,"name":"Po\u010detna stranica","item":"https:\/\/www.geokon.hr\/"},{"@type":"ListItem","position":2,"name":"Projektiranje"}]},{"@type":"WebSite","@id":"https:\/\/www.geokon.hr\/#website","url":"https:\/\/www.geokon.hr\/","name":"Geokon","description":"","publisher":{"@id":"https:\/\/www.geokon.hr\/#organization"},"potentialAction":[{"@type":"SearchAction","target":{"@type":"EntryPoint","urlTemplate":"https:\/\/www.geokon.hr\/?s={search_term_string}"},"query-input":{"@type":"PropertyValueSpecification","valueRequired":true,"valueName":"search_term_string"}}],"inLanguage":"en-GB"},{"@type":"Organization","@id":"https:\/\/www.geokon.hr\/#organization","name":"Geokon","url":"https:\/\/www.geokon.hr\/","logo":{"@type":"ImageObject","inLanguage":"en-GB","@id":"https:\/\/www.geokon.hr\/#\/schema\/logo\/image\/","url":"https:\/\/www.geokon.hr\/wp-content\/uploads\/2021\/02\/cropped-slika-za-reference-koje-nemaju-sliku.png","contentUrl":"https:\/\/www.geokon.hr\/wp-content\/uploads\/2021\/02\/cropped-slika-za-reference-koje-nemaju-sliku.png","width":535,"height":129,"caption":"Geokon"},"image":{"@id":"https:\/\/www.geokon.hr\/#\/schema\/logo\/image\/"}}]}},"_links":{"self":[{"href":"https:\/\/www.geokon.hr\/en\/wp-json\/wp\/v2\/pages\/554","targetHints":{"allow":["GET"]}}],"collection":[{"href":"https:\/\/www.geokon.hr\/en\/wp-json\/wp\/v2\/pages"}],"about":[{"href":"https:\/\/www.geokon.hr\/en\/wp-json\/wp\/v2\/types\/page"}],"author":[{"embeddable":true,"href":"https:\/\/www.geokon.hr\/en\/wp-json\/wp\/v2\/users\/1"}],"replies":[{"embeddable":true,"href":"https:\/\/www.geokon.hr\/en\/wp-json\/wp\/v2\/comments?post=554"}],"version-history":[{"count":0,"href":"https:\/\/www.geokon.hr\/en\/wp-json\/wp\/v2\/pages\/554\/revisions"}],"wp:attachment":[{"href":"https:\/\/www.geokon.hr\/en\/wp-json\/wp\/v2\/media?parent=554"}],"curies":[{"name":"wp","href":"https:\/\/api.w.org\/{rel}","templated":true}]}}